{"id":22,"date":"2024-12-15T15:21:03","date_gmt":"2024-12-15T15:21:03","guid":{"rendered":"https:\/\/esporte.agenciabahia.com.br\/?page_id=22"},"modified":"2024-12-15T15:21:03","modified_gmt":"2024-12-15T15:21:03","slug":"blog","status":"publish","type":"page","link":"https:\/\/esporte.agenciabahia.com.br\/?page_id=22","title":{"rendered":"Blog"},"content":{"rendered":"\n<div class=\"wp-block-ultimate-post-row ultp-block-3156f3\"><div class=\"ultp-row-wrapper\"><div class=\"ultp-row-content\">\n<div class=\"wp-block-ultimate-post-column ultp-block-e9f622\"><div class=\"ultp-column-wrapper\"><div  class=\"ultp-post-grid-block wp-block-ultimate-post-post-grid-1 ultp-block-83882d\"><div class=\"ultp-block-wrapper\"><div class=\"ultp-loading\"><div class=\"ultp-loading-blocks\" style=\"width:100%;height:100%;\"><div style=\"left: 0;top: 0;animation-delay:0s;\"><\/div><div style=\"left: 21px;top: 0;animation-delay:0.125s;\"><\/div><div style=\"left: 42px;top: 0;animation-delay:0.25s;\"><\/div><div style=\"left: 0;top: 21px;animation-delay:0.875s;\"><\/div><div style=\"left: 42px;top: 21px;animation-delay:0.375s;\"><\/div><div style=\"left: 0;top: 42px;animation-delay:0.75s;\"><\/div><div style=\"left: 42px;top: 42px;animation-delay:0.625s;\"><\/div><div style=\"left: 21px;top: 42px;animation-delay:0.5s;\"><\/div><\/div><\/div><div class=\"ultp-heading-filter\"><div class=\"ultp-heading-filter-in\"><div class=\"ultp-filter-navigation\"><\/div><\/div><\/div><div class=\"ultp-block-items-wrap ultp-block-row ultp-pg1a-style1 ultp-block-column-2 ultp-layout1\"><div class=\"ultp-block-item post-id-34\"><div class=\"ultp-block-content-wrap\"><div class=\"ultp-block-image ultp-block-image-zoomOut\"><a href=\"https:\/\/esporte.agenciabahia.com.br\/?p=34\" ><img decoding=\"async\"  class=\"ultp-block-image-content\"  alt=\"Fluminense demonstra interesse em Vegetti\"  src=\"https:\/\/esporte.agenciabahia.com.br\/wp-content\/uploads\/2024\/12\/Fluminense-demonstra-interesse-em-Vegetti-870x570.webp\" \/><\/a><div class=\"ultp-category-img-grid\"><div class=\"ultp-category-grid ultp-category-classic ultp-category-topLeft\"><div class=\"ultp-category-in\"><a class=\"ultp-cat-esporte\" href=\"https:\/\/esporte.agenciabahia.com.br\/?cat=1\"  >Esporte<\/a><\/div><\/div><\/div><\/div><div class=\"ultp-block-content\"><h5 class=\"ultp-block-title \"><a href=\"https:\/\/esporte.agenciabahia.com.br\/?p=34\" >Fluminense demonstra interesse em Vegetti<\/a><\/h5><div class=\"ultp-block-excerpt\"><p>O Fluminense demonstrou interesse na contrata\u00e7\u00e3o do atacante Pablo Vegetti, ap\u00f3s ser procurado por empresas que representam o&hellip;<\/p>\n<\/div><div class=\"ultp-block-meta ultp-block-meta-dash ultp-block-meta-style3\"><span class=\"ultp-block-author ultp-block-meta-element\"><img decoding=\"async\" loading=\"lazy\" class=\"ultp-meta-author-img\" src=\"https:\/\/secure.gravatar.com\/avatar\/9b5a1ae4a146522c5ec9352879055036343fdbe723f0f23da943b5bdff998f62?s=96&#038;d=mm&#038;r=g\" alt=\"Por\" \/>By<a class=\"\" href=\"https:\/\/esporte.agenciabahia.com.br\/?author=1\">admin<\/a><\/span><span class=\"ultp-block-date ultp-block-meta-element\"><svg xmlns=\"http:\/\/www.w3.org\/2000\/svg\" viewBox=\"0 0 18 19\"><path d=\"M4.60069444,4.09375 L3.25,4.09375 C2.47334957,4.09375 1.84375,4.72334957 1.84375,5.5 L1.84375,7.26736111 L16.15625,7.26736111 L16.15625,5.5 C16.15625,4.72334957 15.5266504,4.09375 14.75,4.09375 L13.3993056,4.09375 L13.3993056,4.55555556 C13.3993056,5.02154581 13.0215458,5.39930556 12.5555556,5.39930556 C12.0895653,5.39930556 11.7118056,5.02154581 11.7118056,4.55555556 L11.7118056,4.09375 L6.28819444,4.09375 L6.28819444,4.55555556 C6.28819444,5.02154581 5.9104347,5.39930556 5.44444444,5.39930556 C4.97845419,5.39930556 4.60069444,5.02154581 4.60069444,4.55555556 L4.60069444,4.09375 Z M6.28819444,2.40625 L11.7118056,2.40625 L11.7118056,1 C11.7118056,0.534009742 12.0895653,0.15625 12.5555556,0.15625 C13.0215458,0.15625 13.3993056,0.534009742 13.3993056,1 L13.3993056,2.40625 L14.75,2.40625 C16.4586309,2.40625 17.84375,3.79136906 17.84375,5.5 L17.84375,15.875 C17.84375,17.5836309 16.4586309,18.96875 14.75,18.96875 L3.25,18.96875 C1.54136906,18.96875 0.15625,17.5836309 0.15625,15.875 L0.15625,5.5 C0.15625,3.79136906 1.54136906,2.40625 3.25,2.40625 L4.60069444,2.40625 L4.60069444,1 C4.60069444,0.534009742 4.97845419,0.15625 5.44444444,0.15625 C5.9104347,0.15625 6.28819444,0.534009742 6.28819444,1 L6.28819444,2.40625 Z M1.84375,8.95486111 L1.84375,15.875 C1.84375,16.6516504 2.47334957,17.28125 3.25,17.28125 L14.75,17.28125 C15.5266504,17.28125 16.15625,16.6516504 16.15625,15.875 L16.15625,8.95486111 L1.84375,8.95486111 Z\"\/><\/svg>dez 15, 2024<\/span><\/div><\/div><\/div><\/div><div class=\"ultp-block-item post-id-1\"><div class=\"ultp-block-content-wrap\"><div class=\"ultp-block-image ultp-block-image-zoomOut\"><a href=\"https:\/\/esporte.agenciabahia.com.br\/?p=1\" ><img decoding=\"async\" class=\"ultp-block-image-content\" src=\"https:\/\/esporte.agenciabahia.com.br\/wp-content\/plugins\/ultimate-post\/assets\/img\/ultp-fallback-img.png\" alt=\"dummy-img\" \/><\/a><div class=\"ultp-category-img-grid\"><div class=\"ultp-category-grid ultp-category-classic ultp-category-topLeft\"><div class=\"ultp-category-in\"><a class=\"ultp-cat-esporte\" href=\"https:\/\/esporte.agenciabahia.com.br\/?cat=1\"  >Esporte<\/a><\/div><\/div><\/div><\/div><div class=\"ultp-block-content\"><h5 class=\"ultp-block-title \"><a href=\"https:\/\/esporte.agenciabahia.com.br\/?p=1\" >Hello world!<\/a><\/h5><div class=\"ultp-block-excerpt\"><p>Welcome to WordPress. This is your first post. Edit or delete it, then start writing!<\/p>\n<\/div><div class=\"ultp-block-meta ultp-block-meta-dash ultp-block-meta-style3\"><span class=\"ultp-block-author ultp-block-meta-element\"><img decoding=\"async\" loading=\"lazy\" class=\"ultp-meta-author-img\" src=\"https:\/\/secure.gravatar.com\/avatar\/9b5a1ae4a146522c5ec9352879055036343fdbe723f0f23da943b5bdff998f62?s=96&#038;d=mm&#038;r=g\" alt=\"Por\" \/>By<a class=\"\" href=\"https:\/\/esporte.agenciabahia.com.br\/?author=1\">admin<\/a><\/span><span class=\"ultp-block-date ultp-block-meta-element\"><svg xmlns=\"http:\/\/www.w3.org\/2000\/svg\" viewBox=\"0 0 18 19\"><path d=\"M4.60069444,4.09375 L3.25,4.09375 C2.47334957,4.09375 1.84375,4.72334957 1.84375,5.5 L1.84375,7.26736111 L16.15625,7.26736111 L16.15625,5.5 C16.15625,4.72334957 15.5266504,4.09375 14.75,4.09375 L13.3993056,4.09375 L13.3993056,4.55555556 C13.3993056,5.02154581 13.0215458,5.39930556 12.5555556,5.39930556 C12.0895653,5.39930556 11.7118056,5.02154581 11.7118056,4.55555556 L11.7118056,4.09375 L6.28819444,4.09375 L6.28819444,4.55555556 C6.28819444,5.02154581 5.9104347,5.39930556 5.44444444,5.39930556 C4.97845419,5.39930556 4.60069444,5.02154581 4.60069444,4.55555556 L4.60069444,4.09375 Z M6.28819444,2.40625 L11.7118056,2.40625 L11.7118056,1 C11.7118056,0.534009742 12.0895653,0.15625 12.5555556,0.15625 C13.0215458,0.15625 13.3993056,0.534009742 13.3993056,1 L13.3993056,2.40625 L14.75,2.40625 C16.4586309,2.40625 17.84375,3.79136906 17.84375,5.5 L17.84375,15.875 C17.84375,17.5836309 16.4586309,18.96875 14.75,18.96875 L3.25,18.96875 C1.54136906,18.96875 0.15625,17.5836309 0.15625,15.875 L0.15625,5.5 C0.15625,3.79136906 1.54136906,2.40625 3.25,2.40625 L4.60069444,2.40625 L4.60069444,1 C4.60069444,0.534009742 4.97845419,0.15625 5.44444444,0.15625 C5.9104347,0.15625 6.28819444,0.534009742 6.28819444,1 L6.28819444,2.40625 Z M1.84375,8.95486111 L1.84375,15.875 C1.84375,16.6516504 2.47334957,17.28125 3.25,17.28125 L14.75,17.28125 C15.5266504,17.28125 16.15625,16.6516504 16.15625,15.875 L16.15625,8.95486111 L1.84375,8.95486111 Z\"\/><\/svg>ago 31, 2023<\/span><\/div><\/div><\/div><\/div><\/div><div class=\"ultp-pagination-wrap ultp-pagination-ajax-action\" data-paged=\"1\" data-expost=\"\"  data-blockid=\"83882d\" data-postid=\"22\" data-pages=\"1\" data-blockname=\"ultimate-post_post-grid-1\" data-selfpostid=\"no\"><\/div><\/div><div class=\"pagination-block-html\" aria-hidden=\"true\" style=\"display: none;\"><\/div><\/div><\/div><\/div>\n\n\n\n<div class=\"wp-block-ultimate-post-column ultp-block-643e1a\"><div class=\"ultp-column-wrapper\"><div  class=\"wp-block-ultimate-post-image ultp-block-25c637\"><div class=\"ultp-block-wrapper\"><figure class=\"ultp-image-block-wrapper\"><div class=\"ultp-image-block ultp-image-block-none\"><a href=\"https:\/\/www.wpxpo.com\/postx\/pricing\/\" target=\"_blank\"><img decoding=\"async\"  class=\"ultp-image\"  alt=\"Image Not Found\"  src=\"https:\/\/postxkit.wpxpo.com\/wp-content\/uploads\/2023\/12\/news-_ads_3.jpg\" \/><\/a><\/div><\/figure><\/div><\/div>\n\n<div  class=\"ultp-post-grid-block wp-block-ultimate-post-post-grid-2 ultp-block-6048a6\"><div class=\"ultp-block-wrapper\"><div class=\"ultp-loading\"><div class=\"ultp-loading-blocks\" style=\"width:100%;height:100%;\"><div style=\"left: 0;top: 0;animation-delay:0s;\"><\/div><div style=\"left: 21px;top: 0;animation-delay:0.125s;\"><\/div><div style=\"left: 42px;top: 0;animation-delay:0.25s;\"><\/div><div style=\"left: 0;top: 21px;animation-delay:0.875s;\"><\/div><div style=\"left: 42px;top: 21px;animation-delay:0.375s;\"><\/div><div style=\"left: 0;top: 42px;animation-delay:0.75s;\"><\/div><div style=\"left: 42px;top: 42px;animation-delay:0.625s;\"><\/div><div style=\"left: 21px;top: 42px;animation-delay:0.5s;\"><\/div><\/div><\/div><div class=\"ultp-heading-filter\"><div class=\"ultp-heading-filter-in\"><div class=\"ultp-heading-wrap ultp-heading-style1 ultp-heading-left\"><h2 class=\"ultp-heading-inner\"><span>Gallery<\/span><\/h2><\/div><\/div><\/div><div class=\"ultp-block-items-wrap ultp-block-row\"><div class=\"ultp-block-item post-id-34\"><div class=\"ultp-block-content-wrap ultp-block-content-overlay\"><div class=\"ultp-block-image ultp-block-image-zoomOut\"><a href=\"https:\/\/esporte.agenciabahia.com.br\/?p=34\" ><img decoding=\"async\"  alt=\"Fluminense demonstra interesse em Vegetti\"  src=\"https:\/\/esporte.agenciabahia.com.br\/wp-content\/uploads\/2024\/12\/Fluminense-demonstra-interesse-em-Vegetti-870x570.webp\" \/><\/a><\/div><div class=\"ultp-block-content ultp-block-content-bottomPosition\"><div class=\"ultp-block-content-inner\"><\/div><\/div><\/div><\/div><div class=\"ultp-block-item post-id-1\"><div class=\"ultp-block-content-wrap ultp-block-content-overlay\"><div class=\"ultp-block-image ultp-block-image-zoomOut\"><a href=\"https:\/\/esporte.agenciabahia.com.br\/?p=1\" ><img decoding=\"async\"  src=\"https:\/\/esporte.agenciabahia.com.br\/wp-content\/plugins\/ultimate-post\/assets\/img\/ultp-fallback-img.png\" alt=\"dummy-img\" \/><\/a><\/div><div class=\"ultp-block-content ultp-block-content-bottomPosition\"><div class=\"ultp-block-content-inner\"><\/div><\/div><\/div><\/div><\/div><\/div><div class=\"pagination-block-html\" aria-hidden=\"true\" style=\"display: none;\"><\/div><\/div>\n\n<div  class=\"wp-block-ultimate-post-ultp-taxonomy ultp-block-4e90b9 \"><div class=\"ultp-block-wrapper\"><div class=\"ultp-loading\"><div class=\"ultp-loading-blocks\" style=\"width:100%;height:100%;\"><div style=\"left: 0;top: 0;animation-delay:0s;\"><\/div><div style=\"left: 21px;top: 0;animation-delay:0.125s;\"><\/div><div style=\"left: 42px;top: 0;animation-delay:0.25s;\"><\/div><div style=\"left: 0;top: 21px;animation-delay:0.875s;\"><\/div><div style=\"left: 42px;top: 21px;animation-delay:0.375s;\"><\/div><div style=\"left: 0;top: 42px;animation-delay:0.75s;\"><\/div><div style=\"left: 42px;top: 42px;animation-delay:0.625s;\"><\/div><div style=\"left: 21px;top: 42px;animation-delay:0.5s;\"><\/div><\/div><\/div><div class=\"ultp-heading-filter\"><div class=\"ultp-heading-filter-in\"><div class=\"ultp-heading-wrap ultp-heading-style1 ultp-heading-left\"><h2 class=\"ultp-heading-inner\"><span>Taxonomy<\/span><\/h2><\/div><\/div><\/div><div class=\"ultp-block-items-wrap\"><ul class=\"ultp-taxonomy-items  ultp-taxonomy-animation-none ultp-taxonomy-column-1 ultp-taxonomy-layout-2\"><li class=\"ultp-block-item ultp-taxonomy-item\"><a href=\"https:\/\/esporte.agenciabahia.com.br\/?cat=1\" style=\"background-color:#037fff\"><div class=\"ultp-taxonomy-lt2-overlay\"><\/div><div class=\"ultp-taxonomy-lt2-content\"><span class=\"ultp-taxonomy-name\" >Esporte<\/span><span class=\"ultp-taxonomy-bar\"><\/span><span class=\"ultp-taxonomy-count\" >2<\/span><\/div><\/a><\/li><\/ul><\/div><\/div><\/div><\/div><\/div>\n<\/div><\/div><\/div>\n","protected":false},"excerpt":{"rendered":"","protected":false},"author":1,"featured_media":0,"parent":0,"menu_order":0,"comment_status":"closed","ping_status":"closed","template":"ultp_page_template","meta":{"footnotes":""},"class_list":["post-22","page","type-page","status-publish","hentry"],"_links":{"self":[{"href":"https:\/\/esporte.agenciabahia.com.br\/index.php?rest_route=\/wp\/v2\/pages\/22","targetHints":{"allow":["GET"]}}],"collection":[{"href":"https:\/\/esporte.agenciabahia.com.br\/index.php?rest_route=\/wp\/v2\/pages"}],"about":[{"href":"https:\/\/esporte.agenciabahia.com.br\/index.php?rest_route=\/wp\/v2\/types\/page"}],"author":[{"embeddable":true,"href":"https:\/\/esporte.agenciabahia.com.br\/index.php?rest_route=\/wp\/v2\/users\/1"}],"replies":[{"embeddable":true,"href":"https:\/\/esporte.agenciabahia.com.br\/index.php?rest_route=%2Fwp%2Fv2%2Fcomments&post=22"}],"version-history":[{"count":0,"href":"https:\/\/esporte.agenciabahia.com.br\/index.php?rest_route=\/wp\/v2\/pages\/22\/revisions"}],"wp:attachment":[{"href":"https:\/\/esporte.agenciabahia.com.br\/index.php?rest_route=%2Fwp%2Fv2%2Fmedia&parent=22"}],"curies":[{"name":"wp","href":"https:\/\/api.w.org\/{rel}","templated":true}]}}